{"id":2298,"date":"2022-03-31T15:40:14","date_gmt":"2022-03-31T13:40:14","guid":{"rendered":"https:\/\/retourn.mmserver.org\/a-tanfolyam-resztvevoinek-regisztracioja\/"},"modified":"2023-10-11T11:26:19","modified_gmt":"2023-10-11T09:26:19","slug":"a-tanfolyam-resztvevoinek-regisztracioja","status":"publish","type":"page","link":"https:\/\/education.retourn.eu\/hu\/a-tanfolyam-resztvevoinek-regisztracioja\/","title":{"rendered":"A tanfolyam r\u00e9sztvev\u0151inek regisztr\u00e1ci\u00f3ja"},"content":{"rendered":"\n\n\t<div id=\"tutor-registration-wrap\">\n\n\t\t\n\t\t<form method=\"post\" enctype=\"multipart\/form-data\" id=\"tutor-registration-form\">\n\t\t\t<input type=\"hidden\" name=\"tutor_course_enroll_attempt\" value=\"\">\n\t\t\t\n\t\t\t<input type=\"hidden\" id=\"_tutor_nonce\" name=\"_tutor_nonce\" value=\"b564f0072d\" \/><input type=\"hidden\" name=\"_wp_http_referer\" value=\"\/hu\/wp-json\/wp\/v2\/pages\/2298\" \/>\t\t\t<input type=\"hidden\" value=\"tutor_register_student\" name=\"tutor_action\"\/>\n\n\t\t\t\n\t\t\t<div class=\"tutor-form-row\">\n\t\t\t\t<div class=\"tutor-form-col-6\">\n\t\t\t\t\t<div class=\"tutor-form-group\">\n\t\t\t\t\t\t<label>\n\t\t\t\t\t\t\tKeresztn\u00e9v\t\t\t\t\t\t<\/label>\n\n\t\t\t\t\t\t<input type=\"text\" name=\"first_name\" value=\"\" placeholder=\"Keresztn\u00e9v\" required autocomplete=\"given-name\">\n\t\t\t\t\t<\/div>\n\t\t\t\t<\/div>\n\n\t\t\t\t<div class=\"tutor-form-col-6\">\n\t\t\t\t\t<div class=\"tutor-form-group\">\n\t\t\t\t\t\t<label>\n\t\t\t\t\t\t\tVezet\u00e9kn\u00e9v\t\t\t\t\t\t<\/label>\n\n\t\t\t\t\t\t<input type=\"text\" name=\"last_name\" value=\"\" placeholder=\"Vezet\u00e9kn\u00e9v\" required autocomplete=\"family-name\">\n\t\t\t\t\t<\/div>\n\t\t\t\t<\/div>\n\n\t\t\t<\/div>\n\n\t\t\t<div class=\"tutor-form-row\">\n\t\t\t\t<div class=\"tutor-form-col-6\">\n\t\t\t\t\t<div class=\"tutor-form-group\">\n\t\t\t\t\t\t<label>\n\t\t\t\t\t\t\tFelhaszn\u00e1l\u00f3n\u00e9v\t\t\t\t\t\t<\/label>\n\n\t\t\t\t\t\t<input type=\"text\" name=\"user_login\" class=\"tutor_user_name\" value=\"\" placeholder=\"Felhaszn\u00e1l\u00f3n\u00e9v\" required autocomplete=\"username\">\n\t\t\t\t\t<\/div>\n\t\t\t\t<\/div>\n\n\t\t\t\t<div class=\"tutor-form-col-6\">\n\t\t\t\t\t<div class=\"tutor-form-group\">\n\t\t\t\t\t\t<label>\n\t\t\t\t\t\t\tE-Mail\t\t\t\t\t\t<\/label>\n\n\t\t\t\t\t\t<input type=\"text\" name=\"email\" value=\"\" placeholder=\"E-Mail\" required autocomplete=\"email\">\n\t\t\t\t\t<\/div>\n\t\t\t\t<\/div>\n\n\t\t\t<\/div>\n\n\t\t\t\n\t\t\t<div class=\"tutor-form-row\">\n\t\t\t\n\t\t\t\t<div class=\"tutor-form-col-6\">\n\t\t\t\t\t<div class=\"tutor-form-group\">\n\t\t\t\t\t\t<label>\n\t\t\t\t\t\t\tCountry\t\t\t\t\t\t<\/label>\n\n\t\t\t\t\t\t<select name=\"country\">\n\t\t\t\t\t\t\t<option value=\"en\">English<\/option><option value=\"de\">Deutsch<\/option><option value=\"el\">\u0395\u03bb\u03bb\u03b7\u03bd\u03b9\u03ba\u03ac<\/option><option value=\"hu\">Magyar<\/option><option value=\"it\">Italiano<\/option><option value=\"sl\">Sloven\u0161\u010dina<\/option>\t\t\t\t\t\t<\/select>\n\t\t\t\t\t<\/div>\n\t\t\t\t<\/div>\n\n\t\t\t<\/div>\n\n\t\t\t<div class=\"tutor-form-row\">\n\t\t\t\t<div class=\"tutor-form-col-6\">\n\t\t\t\t\t<div class=\"tutor-form-group\">\n\t\t\t\t\t\t<label>\n\t\t\t\t\t\t\tJelsz\u00f3\t\t\t\t\t\t<\/label>\n\n\t\t\t\t\t\t<input type=\"password\" name=\"password\" value=\"\" placeholder=\"Jelsz\u00f3\" required autocomplete=\"new-password\">\n\t\t\t\t\t<\/div>\n\t\t\t\t<\/div>\n\n\t\t\t\t<div class=\"tutor-form-col-6\">\n\t\t\t\t\t<div class=\"tutor-form-group\">\n\t\t\t\t\t\t<label>\n\t\t\t\t\t\t\tJelsz\u00f3 meger\u0151s\u00edt\u00e9se\t\t\t\t\t\t<\/label>\n\n\t\t\t\t\t\t<input type=\"password\" name=\"password_confirmation\" value=\"\" placeholder=\"Jelsz\u00f3 meger\u0151s\u00edt\u00e9se\" required autocomplete=\"new-password\">\n\t\t\t\t\t<\/div>\n\t\t\t\t<\/div>\n\t\t\t<\/div>\n\t\t\t\n\t\t\t<div class=\"tutor-form-row\">\n\t\t\t\t<div class=\"tutor-form-col-6\">\n\t\t\t\t\t<div class=\"tutor-form-group\">\n\t\t\t\t\t\t<input type=\"checkbox\" name=\"newsletter\" value=\"1\" \" required>\n\t\t\t\t\t\tI agree to the privacy policy and that my email address may be used to participate in a survey.\t\t\t\t\t<\/div>\n\t\t\t\t<\/div>\n\t\t\t<\/div>\n\n\n\t\t\t<div class=\"tutor-form-row\">\n\t\t\t\t<div class=\"tutor-form-col-12\">\n\t\t\t\t\t<div class=\"tutor-form-group\">\n\t\t\t\t\t\t\t\t\t\t<\/div>\n\t\t\t\t<\/div>\n\t\t\t<\/div>    \n\n\t\t\t\n\t\t\t\t\t\t\n\t\t\t<div>\n\t\t\t\t<button type=\"submit\" name=\"tutor_register_student_btn\" value=\"register\" class=\"tutor-btn tutor-btn-primary tutor-btn-block\">Regisztr\u00e1ci\u00f3<\/button>\n\t\t\t<\/div>\n\t\t\t\t\t\t\n\t\t<\/form>\n\t\t\t\t\n\t<\/div>\n\t\n","protected":false},"excerpt":{"rendered":"","protected":false},"author":3,"featured_media":0,"parent":0,"menu_order":0,"comment_status":"closed","ping_status":"closed","template":"","meta":{"footnotes":""},"_links":{"self":[{"href":"https:\/\/education.retourn.eu\/hu\/wp-json\/wp\/v2\/pages\/2298"}],"collection":[{"href":"https:\/\/education.retourn.eu\/hu\/wp-json\/wp\/v2\/pages"}],"about":[{"href":"https:\/\/education.retourn.eu\/hu\/wp-json\/wp\/v2\/types\/page"}],"author":[{"embeddable":true,"href":"https:\/\/education.retourn.eu\/hu\/wp-json\/wp\/v2\/users\/3"}],"replies":[{"embeddable":true,"href":"https:\/\/education.retourn.eu\/hu\/wp-json\/wp\/v2\/comments?post=2298"}],"version-history":[{"count":1,"href":"https:\/\/education.retourn.eu\/hu\/wp-json\/wp\/v2\/pages\/2298\/revisions"}],"predecessor-version":[{"id":2299,"href":"https:\/\/education.retourn.eu\/hu\/wp-json\/wp\/v2\/pages\/2298\/revisions\/2299"}],"wp:attachment":[{"href":"https:\/\/education.retourn.eu\/hu\/wp-json\/wp\/v2\/media?parent=2298"}],"curies":[{"name":"wp","href":"https:\/\/api.w.org\/{rel}","templated":true}]}}